{"id":6,"date":"2022-05-16T21:06:54","date_gmt":"2022-05-16T21:06:54","guid":{"rendered":"https:\/\/cosic.lat\/?page_id=6"},"modified":"2022-07-05T12:46:59","modified_gmt":"2022-07-05T12:46:59","slug":"home","status":"publish","type":"page","link":"https:\/\/cosic.lat\/","title":{"rendered":"HOME"},"content":{"rendered":"\t\t<div data-elementor-type=\"wp-post\" data-elementor-id=\"6\" class=\"elementor elementor-6\" data-elementor-post-type=\"page\">\n\t\t\t\t\t\t<section class=\"elementor-section elementor-top-section elementor-element elementor-element-b76a9de elementor-section-boxed elementor-section-height-default elementor-section-height-default\" data-id=\"b76a9de\" data-element_type=\"section\" data-e-type=\"section\" id=\"somos\" data-settings=\"{&quot;background_background&quot;:&quot;classic&quot;,&quot;motion_fx_motion_fx_scrolling&quot;:&quot;yes&quot;,&quot;motion_fx_devices&quot;:[&quot;desktop&quot;,&quot;tablet&quot;,&quot;mobile&quot;]}\">\n\t\t\t\t\t\t<div class=\"elementor-container elementor-column-gap-default\">\n\t\t\t\t\t<div class=\"elementor-column elementor-col-100 elementor-top-column elementor-element elementor-element-c6e3536\" data-id=\"c6e3536\" data-element_type=\"column\" data-e-type=\"column\">\n\t\t\t<div class=\"elementor-widget-wrap elementor-element-populated\">\n\t\t\t\t\t\t<section class=\"elementor-section elementor-inner-section elementor-element elementor-element-4d7027f elementor-section-boxed elementor-section-height-default elementor-section-height-default\" data-id=\"4d7027f\" data-element_type=\"section\" data-e-type=\"section\" data-settings=\"{&quot;background_background&quot;:&quot;classic&quot;}\">\n\t\t\t\t\t\t<div class=\"elementor-container elementor-column-gap-default\">\n\t\t\t\t\t<div class=\"elementor-column elementor-col-50 elementor-inner-column elementor-element elementor-element-7f3b368\" data-id=\"7f3b368\" data-element_type=\"column\" data-e-type=\"column\">\n\t\t\t<div class=\"elementor-widget-wrap elementor-element-populated\">\n\t\t\t\t\t\t<div class=\"elementor-element elementor-element-6177b7e elementor-widget elementor-widget-text-editor\" data-id=\"6177b7e\" data-element_type=\"widget\" data-e-type=\"widget\" data-settings=\"{&quot;_animation&quot;:&quot;none&quot;,&quot;_animation_delay&quot;:5000}\" data-widget_type=\"text-editor.default\">\n\t\t\t\t<div class=\"elementor-widget-container\">\n\t\t\t\t\t\t\t\t\t<p>Es una red Latinoamericana y del Caribe conformada por personas y organizaciones que brindan asistencia y apoyo en seguridad y protecci\u00f3n, con \u00e9nfasis en seguridad digital, a miembros de sociedad civil en Latinoam\u00e9rica y el Caribe, incluyendo a organizaciones y personas activistas por los derechos humanos, periodistas independientes, medios de comunicaci\u00f3n, estudiantes, colectivos, comunidades en riesgo, entre otros.<\/p>\t\t\t\t\t\t\t\t<\/div>\n\t\t\t\t<\/div>\n\t\t\t\t\t<\/div>\n\t\t<\/div>\n\t\t\t\t<div class=\"elementor-column elementor-col-50 elementor-inner-column elementor-element elementor-element-51a65cc\" data-id=\"51a65cc\" data-element_type=\"column\" data-e-type=\"column\" data-settings=\"{&quot;background_background&quot;:&quot;classic&quot;}\">\n\t\t\t<div class=\"elementor-widget-wrap elementor-element-populated\">\n\t\t\t\t\t\t<div class=\"elementor-element elementor-element-bd35e9b e-transform elementor-widget elementor-widget-image\" data-id=\"bd35e9b\" data-element_type=\"widget\" data-e-type=\"widget\" data-settings=\"{&quot;motion_fx_motion_fx_scrolling&quot;:&quot;yes&quot;,&quot;motion_fx_translateX_effect&quot;:&quot;yes&quot;,&quot;motion_fx_translateX_affectedRange&quot;:{&quot;unit&quot;:&quot;%&quot;,&quot;size&quot;:&quot;&quot;,&quot;sizes&quot;:{&quot;start&quot;:0,&quot;end&quot;:50}},&quot;_transform_rotateZ_effect&quot;:{&quot;unit&quot;:&quot;px&quot;,&quot;size&quot;:7,&quot;sizes&quot;:[]},&quot;motion_fx_translateX_speed&quot;:{&quot;unit&quot;:&quot;px&quot;,&quot;size&quot;:4,&quot;sizes&quot;:[]},&quot;motion_fx_devices&quot;:[&quot;desktop&quot;,&quot;tablet&quot;,&quot;mobile&quot;],&quot;_transform_rotateZ_effect_tablet&quot;:{&quot;unit&quot;:&quot;deg&quot;,&quot;size&quot;:&quot;&quot;,&quot;sizes&quot;:[]},&quot;_transform_rotateZ_effect_mobile&quot;:{&quot;unit&quot;:&quot;deg&quot;,&quot;size&quot;:&quot;&quot;,&quot;sizes&quot;:[]}}\" data-widget_type=\"image.default\">\n\t\t\t\t<div class=\"elementor-widget-container\">\n\t\t\t\t\t\t\t\t\t\t\t\t\t\t\t<img fetchpriority=\"high\" decoding=\"async\" width=\"768\" height=\"768\" src=\"https:\/\/cosic.lat\/wp-content\/uploads\/2022\/06\/BannerCOSIC.svg\" class=\"elementor-animation-grow attachment-medium_large size-medium_large wp-image-290\" alt=\"\" \/>\t\t\t\t\t\t\t\t\t\t\t\t\t\t\t<\/div>\n\t\t\t\t<\/div>\n\t\t\t\t\t<\/div>\n\t\t<\/div>\n\t\t\t\t\t<\/div>\n\t\t<\/section>\n\t\t\t\t\t<\/div>\n\t\t<\/div>\n\t\t\t\t\t<\/div>\n\t\t<\/section>\n\t\t\t\t<section class=\"elementor-section elementor-top-section elementor-element elementor-element-be8e080 elementor-section-boxed elementor-section-height-default elementor-section-height-default\" data-id=\"be8e080\" data-element_type=\"section\" data-e-type=\"section\" id=\"historia\" data-settings=\"{&quot;background_background&quot;:&quot;classic&quot;}\">\n\t\t\t\t\t\t\t<div class=\"elementor-background-overlay\"><\/div>\n\t\t\t\t\t\t\t<div class=\"elementor-container elementor-column-gap-default\">\n\t\t\t\t\t<div class=\"elementor-column elementor-col-100 elementor-top-column elementor-element elementor-element-ca31a69\" data-id=\"ca31a69\" data-element_type=\"column\" data-e-type=\"column\">\n\t\t\t<div class=\"elementor-widget-wrap elementor-element-populated\">\n\t\t\t\t\t\t<section class=\"elementor-section elementor-inner-section elementor-element elementor-element-aecd23b elementor-section-boxed elementor-section-height-default elementor-section-height-default elementor-invisible\" data-id=\"aecd23b\" data-element_type=\"section\" data-e-type=\"section\" data-settings=\"{&quot;animation&quot;:&quot;fadeInLeft&quot;}\">\n\t\t\t\t\t\t<div class=\"elementor-container elementor-column-gap-default\">\n\t\t\t\t\t<div class=\"elementor-column elementor-col-100 elementor-inner-column elementor-element elementor-element-914c219\" data-id=\"914c219\" data-element_type=\"column\" data-e-type=\"column\">\n\t\t\t<div class=\"elementor-widget-wrap elementor-element-populated\">\n\t\t\t\t\t\t<div class=\"elementor-element elementor-element-34c5d6a elementor-widget elementor-widget-heading\" data-id=\"34c5d6a\" data-element_type=\"widget\" data-e-type=\"widget\" data-widget_type=\"heading.default\">\n\t\t\t\t<div class=\"elementor-widget-container\">\n\t\t\t\t\t<h2 class=\"elementor-heading-title elementor-size-default\">Historia y Motivaciones<\/h2>\t\t\t\t<\/div>\n\t\t\t\t<\/div>\n\t\t\t\t<div class=\"elementor-element elementor-element-ecf3ca9 elementor-widget elementor-widget-text-editor\" data-id=\"ecf3ca9\" data-element_type=\"widget\" data-e-type=\"widget\" data-widget_type=\"text-editor.default\">\n\t\t\t\t<div class=\"elementor-widget-container\">\n\t\t\t\t\t\t\t\t\t<p>La propuesta de constituir el espacio COSIC surgi\u00f3 en 2010 de la mano de Fundaci\u00f3n Acceso al dise\u00f1ar una estrategia para trabajar seguridad digital con organizaciones defensoras de derechos humanos en Centroam\u00e9rica.<\/p>\n<p>En aquel entonces se presentaba como un gran reto el identificar a personas que juntaran capacidades t\u00e9cnicas adecuadas y sensibilidad hacia el respeto a los derechos humanos. COSIC se propuso como un espacio de convergencia de estos intereses.<\/p>\n<p>Cumplido ese primer objetivo, en una segunda etapa iniciada en 2011 se avanz\u00f3 hacia el objetivo de la creaci\u00f3n de espacios de seguridad integral para las organizaciones y personas activistas por los derechos humanos, periodistas independientes, medios de comunicaci\u00f3n, estudiantes, colectivos, comunidades en riesgo, entre otros.<\/p>\n<p>En 2012 se convoc\u00f3 a una primera reuni\u00f3n presencial en la que participaron varias personas t\u00e9cnicas. Posteriormente, se realizaron encuentros anuales o bianuales en&nbsp;Costa Rica, Nicaragua, Guatemala y El Salvador.<\/p>\n<p>La incorporaci\u00f3n de personas y organizaciones al espacio fue gradual y org\u00e1nica, manteniendo una din\u00e1mica de \u201cbola de nieve\u201d: los contactos se ir\u00edan realizando a partir de las relaciones de confianza de cada persona con otras personas u organizaciones.<\/p>\n<p>En consecuencia, la llegada de nueves miembres a la red implicaba la posibilidad de que \u00e9stas acercaran a su vez a otras personas u organizaciones al espacio. Esta din\u00e1mica permiti\u00f3 una confluencia muy rica que visibiliz\u00f3 la participaci\u00f3n de cada persona u organizaci\u00f3n as\u00ed como de muchas otras que no estaban presentes en COSIC. Permiti\u00f3 adem\u00e1s dimensionar la magnitud del trabajo realizado en un proceso de casi una d\u00e9cada de existencia.<\/p>\n<p>Con el tiempo, el espacio dej\u00f3 de estar circunscrito a Centroam\u00e9rica y se extendi\u00f3 a otros organizaciones y personas del resto de Latinoam\u00e9rica y el Caribe. Hoy somos COSIC-LAT.<\/p>\t\t\t\t\t\t\t\t<\/div>\n\t\t\t\t<\/div>\n\t\t\t\t\t<\/div>\n\t\t<\/div>\n\t\t\t\t\t<\/div>\n\t\t<\/section>\n\t\t\t\t\t<\/div>\n\t\t<\/div>\n\t\t\t\t\t<\/div>\n\t\t<\/section>\n\t\t\t\t<section class=\"elementor-section elementor-top-section elementor-element elementor-element-9ccaa05 elementor-section-content-middle elementor-section-boxed elementor-section-height-default elementor-section-height-default\" data-id=\"9ccaa05\" data-element_type=\"section\" data-e-type=\"section\" id=\"principios\" data-settings=\"{&quot;background_background&quot;:&quot;classic&quot;,&quot;motion_fx_motion_fx_scrolling&quot;:&quot;yes&quot;,&quot;motion_fx_devices&quot;:[&quot;desktop&quot;,&quot;tablet&quot;,&quot;mobile&quot;]}\">\n\t\t\t\t\t\t<div class=\"elementor-container elementor-column-gap-default\">\n\t\t\t\t\t<div class=\"elementor-column elementor-col-100 elementor-top-column elementor-element elementor-element-4da1a62\" data-id=\"4da1a62\" data-element_type=\"column\" data-e-type=\"column\">\n\t\t\t<div class=\"elementor-widget-wrap elementor-element-populated\">\n\t\t\t\t\t\t<div class=\"elementor-element elementor-element-cf92f4c elementor-widget elementor-widget-heading\" data-id=\"cf92f4c\" data-element_type=\"widget\" data-e-type=\"widget\" data-widget_type=\"heading.default\">\n\t\t\t\t<div class=\"elementor-widget-container\">\n\t\t\t\t\t<h2 class=\"elementor-heading-title elementor-size-default\">Nuestros Principios<\/h2>\t\t\t\t<\/div>\n\t\t\t\t<\/div>\n\t\t\t\t<div class=\"elementor-element elementor-element-8b62bec elementor-widget-divider--view-line elementor-widget elementor-widget-divider\" data-id=\"8b62bec\" data-element_type=\"widget\" data-e-type=\"widget\" data-widget_type=\"divider.default\">\n\t\t\t\t<div class=\"elementor-widget-container\">\n\t\t\t\t\t\t\t<div class=\"elementor-divider\">\n\t\t\t<span class=\"elementor-divider-separator\">\n\t\t\t\t\t\t<\/span>\n\t\t<\/div>\n\t\t\t\t\t\t<\/div>\n\t\t\t\t<\/div>\n\t\t\t\t<div class=\"elementor-element elementor-element-cb82171 elementor-widget elementor-widget-text-editor\" data-id=\"cb82171\" data-element_type=\"widget\" data-e-type=\"widget\" data-widget_type=\"text-editor.default\">\n\t\t\t\t<div class=\"elementor-widget-container\">\n\t\t\t\t\t\t\t\t\t<p>Consideramos la confianza como el principal elemento sobre el que se establecen las relaciones dentro de la red COSIC-LAT. A partir de esa premisa nos convocamos tambi\u00e9n bajo los siguiente principios:<\/p>\t\t\t\t\t\t\t\t<\/div>\n\t\t\t\t<\/div>\n\t\t\t\t<section class=\"elementor-section elementor-inner-section elementor-element elementor-element-f607eda elementor-section-boxed elementor-section-height-default elementor-section-height-default elementor-invisible\" data-id=\"f607eda\" data-element_type=\"section\" data-e-type=\"section\" data-settings=\"{&quot;animation&quot;:&quot;slideInUp&quot;}\">\n\t\t\t\t\t\t<div class=\"elementor-container elementor-column-gap-wide\">\n\t\t\t\t\t<div class=\"elementor-column elementor-col-33 elementor-inner-column elementor-element elementor-element-13e0506\" data-id=\"13e0506\" data-element_type=\"column\" data-e-type=\"column\">\n\t\t\t<div class=\"elementor-widget-wrap elementor-element-populated\">\n\t\t\t\t\t\t<div class=\"elementor-element elementor-element-60b8cd0 elementor-widget elementor-widget-text-editor\" data-id=\"60b8cd0\" data-element_type=\"widget\" data-e-type=\"widget\" data-settings=\"{&quot;motion_fx_motion_fx_scrolling&quot;:&quot;yes&quot;,&quot;motion_fx_devices&quot;:[&quot;desktop&quot;,&quot;tablet&quot;,&quot;mobile&quot;]}\" data-widget_type=\"text-editor.default\">\n\t\t\t\t<div class=\"elementor-widget-container\">\n\t\t\t\t\t\t\t\t\t<p>Defendemos la autonom\u00eda de los espacios, las personas y colectivos integrantes de COSIC-LAT.<\/p>\t\t\t\t\t\t\t\t<\/div>\n\t\t\t\t<\/div>\n\t\t\t\t<div class=\"elementor-element elementor-element-26e528a elementor-widget elementor-widget-text-editor\" data-id=\"26e528a\" data-element_type=\"widget\" data-e-type=\"widget\" data-widget_type=\"text-editor.default\">\n\t\t\t\t<div class=\"elementor-widget-container\">\n\t\t\t\t\t\t\t\t\t<div><p>Nos definimos como un espacio libre de violencias y discriminaci\u00f3n.<\/p><\/div>\t\t\t\t\t\t\t\t<\/div>\n\t\t\t\t<\/div>\n\t\t\t\t<div class=\"elementor-element elementor-element-792ccc7 elementor-widget elementor-widget-text-editor\" data-id=\"792ccc7\" data-element_type=\"widget\" data-e-type=\"widget\" data-widget_type=\"text-editor.default\">\n\t\t\t\t<div class=\"elementor-widget-container\">\n\t\t\t\t\t\t\t\t\tRespetamos las diferentes realidades, contextos, territorialidades, luchas e interseccionalidades.\t\t\t\t\t\t\t\t<\/div>\n\t\t\t\t<\/div>\n\t\t\t\t\t<\/div>\n\t\t<\/div>\n\t\t\t\t<div class=\"elementor-column elementor-col-33 elementor-inner-column elementor-element elementor-element-af33dfe\" data-id=\"af33dfe\" data-element_type=\"column\" data-e-type=\"column\">\n\t\t\t<div class=\"elementor-widget-wrap elementor-element-populated\">\n\t\t\t\t\t\t<div class=\"elementor-element elementor-element-023ef3a elementor-widget elementor-widget-text-editor\" data-id=\"023ef3a\" data-element_type=\"widget\" data-e-type=\"widget\" data-widget_type=\"text-editor.default\">\n\t\t\t\t<div class=\"elementor-widget-container\">\n\t\t\t\t\t\t\t\t\t<p>Respetamos, protegemos y promovemos los derechos humanos, de las mujeres y las poblaciones LGTBIQ+, de las poblaciones ind\u00edgenas y sus territorios, derechos ambientales, sociales y culturales desde un enfoque que dignifique a las propias comunidades involucradas y su autodeterminaci\u00f3n.<\/p>\t\t\t\t\t\t\t\t<\/div>\n\t\t\t\t<\/div>\n\t\t\t\t<div class=\"elementor-element elementor-element-ee04088 elementor-widget elementor-widget-text-editor\" data-id=\"ee04088\" data-element_type=\"widget\" data-e-type=\"widget\" data-widget_type=\"text-editor.default\">\n\t\t\t\t<div class=\"elementor-widget-container\">\n\t\t\t\t\t\t\t\t\t<div><p>Nos guiamos por los principios del software libre y promovemos las infraestructuras aut\u00f3nomas.<\/p><\/div>\t\t\t\t\t\t\t\t<\/div>\n\t\t\t\t<\/div>\n\t\t\t\t\t<\/div>\n\t\t<\/div>\n\t\t\t\t<div class=\"elementor-column elementor-col-33 elementor-inner-column elementor-element elementor-element-5f87776\" data-id=\"5f87776\" data-element_type=\"column\" data-e-type=\"column\">\n\t\t\t<div class=\"elementor-widget-wrap elementor-element-populated\">\n\t\t\t\t\t\t<div class=\"elementor-element elementor-element-ac2e8c3 elementor-widget elementor-widget-text-editor\" data-id=\"ac2e8c3\" data-element_type=\"widget\" data-e-type=\"widget\" data-widget_type=\"text-editor.default\">\n\t\t\t\t<div class=\"elementor-widget-container\">\n\t\t\t\t\t\t\t\t\t<div><p>Aspiramos a un enfoque integral de la seguridad colectiva que incluye la seguridad digital, f\u00edsica, legal y psicoemocional, entre otras que esta comunidad considere relevante incorporar.<\/p><\/div>\t\t\t\t\t\t\t\t<\/div>\n\t\t\t\t<\/div>\n\t\t\t\t<div class=\"elementor-element elementor-element-ad75eab elementor-widget elementor-widget-text-editor\" data-id=\"ad75eab\" data-element_type=\"widget\" data-e-type=\"widget\" data-widget_type=\"text-editor.default\">\n\t\t\t\t<div class=\"elementor-widget-container\">\n\t\t\t\t\t\t\t\t\tRespetamos la diversidad de conocimientos y capacidades de cada persona integrante del COSIC-LAT\u00a0y valoramos la colaboraci\u00f3n multidisciplinaria.\t\t\t\t\t\t\t\t<\/div>\n\t\t\t\t<\/div>\n\t\t\t\t\t<\/div>\n\t\t<\/div>\n\t\t\t\t\t<\/div>\n\t\t<\/section>\n\t\t\t\t\t<\/div>\n\t\t<\/div>\n\t\t\t\t\t<\/div>\n\t\t<\/section>\n\t\t\t\t<\/div>\n\t\t","protected":false},"excerpt":{"rendered":"<p>Es una red Latinoamericana y del Caribe conformada por personas y organizaciones que brindan asistencia y apoyo en seguridad y protecci\u00f3n, con \u00e9nfasis en seguridad digital, a miembros de sociedad civil en Latinoam\u00e9rica y el Caribe, incluyendo a organizaciones y personas activistas por los derechos humanos, periodistas independientes, medios de comunicaci\u00f3n, estudiantes, colectivos, comunidades en [&hellip;]<\/p>\n","protected":false},"author":1,"featured_media":0,"parent":0,"menu_order":0,"comment_status":"closed","ping_status":"closed","template":"elementor_header_footer","meta":{"footnotes":""},"class_list":["post-6","page","type-page","status-publish","hentry"],"_links":{"self":[{"href":"https:\/\/cosic.lat\/index.php?rest_route=\/wp\/v2\/pages\/6","targetHints":{"allow":["GET"]}}],"collection":[{"href":"https:\/\/cosic.lat\/index.php?rest_route=\/wp\/v2\/pages"}],"about":[{"href":"https:\/\/cosic.lat\/index.php?rest_route=\/wp\/v2\/types\/page"}],"author":[{"embeddable":true,"href":"https:\/\/cosic.lat\/index.php?rest_route=\/wp\/v2\/users\/1"}],"replies":[{"embeddable":true,"href":"https:\/\/cosic.lat\/index.php?rest_route=%2Fwp%2Fv2%2Fcomments&post=6"}],"version-history":[{"count":186,"href":"https:\/\/cosic.lat\/index.php?rest_route=\/wp\/v2\/pages\/6\/revisions"}],"predecessor-version":[{"id":351,"href":"https:\/\/cosic.lat\/index.php?rest_route=\/wp\/v2\/pages\/6\/revisions\/351"}],"wp:attachment":[{"href":"https:\/\/cosic.lat\/index.php?rest_route=%2Fwp%2Fv2%2Fmedia&parent=6"}],"curies":[{"name":"wp","href":"https:\/\/api.w.org\/{rel}","templated":true}]}}